{"id":291,"date":"2018-05-30T08:12:20","date_gmt":"2018-05-30T06:12:20","guid":{"rendered":"http:\/\/maciejpiasecki.info\/blog\/?page_id=291"},"modified":"2023-02-18T14:14:27","modified_gmt":"2023-02-18T13:14:27","slug":"muzeum","status":"publish","type":"page","link":"https:\/\/maciejpiasecki.info\/blog\/muzeum\/","title":{"rendered":"Muzeum"},"content":{"rendered":"<h3>Dla upami\u0119tnienia&#8230;<\/h3>\n<p>&#8230;przemijaj\u0105cego czasu i wymieraj\u0105cych starych technologii. Tworz\u0119 miejsce kt\u00f3re jednym pozwoli na sentymentaln\u0105 podr\u00f3\u017c. Innym nie pozwoli na zapomnienie o rozwi\u0105zaniach kt\u00f3re cz\u0119sto towarzyszy\u0142y nams d\u0142ugi czas.<\/p>\n<p>Bardzo dobrym miejscem gdzie mo\u017cna podziwia\u0107 bogat\u0105 kolekcj\u0119 zabytk\u00f3w z czas\u00f3w rozwoju komputer\u00f3w 8-mio bitowych. Jest strona pewnego pasjonata w tej dziedzinie &#8211; <a href=\"http:\/\/8bit.pl\/\">http:\/\/8bit.pl\/<\/a><\/p>\n<p>&nbsp;<\/p>\n<p>Na pewnym etapie \u017cycia cz\u0142owiek ma potrzeb\u0119 zmian lokalizacji, ale nie chce si\u0119 rozstawa\u0107 ze swoim narz\u0119dziem, \u0142\u0105czno\u015bcia i dokuemtami dlatego powsta\u0142y urz\u0105dzenia mobilne.<\/p>\n<p>To dobry przyk\u0142ad ciekawego laptopa:<\/p>\n<h4>PCD-4ND<\/h4>\n<p>Producent:Siemens-Nixdorf<br \/>\nLata produkcji: 1994\/95<br \/>\nTyp urz\u0105dzenia: PC<br \/>\nProcesor: Intel 80486DX2, 50MHz<br \/>\nPami\u0119\u0107: 4MB wbudowane, 16MB jako rozszerzenie<br \/>\nNap\u0119dy: wewn\u0119trzny nap\u0119d dyskietek 3.5&#8243;, 1.44MB, dysk twarty PATA 2,5&#8243; (oryginalnie 800MB)<br \/>\nObraz: Color VGA LCD (TFT)<br \/>\nDzwi\u0119k: G\u0142o\u015bnik systemowy, karta dzwi\u0119kowa ES1x88<br \/>\nManipulatory: pe\u0142na klawiatura qwerty lub qwertz bez sekcji numerycznej, trackball, pracuje w trybie myszki PS\/2<br \/>\nSystem operacyjny: MS-DOS, Windows 3.x, Wnidows 95, bardzo dobrze pracuje z Windows 98SE<br \/>\nPorty:<\/p>\n<ul>\n<li>port szeregowy<\/li>\n<li>port drukarkowy<\/li>\n<li>VGA<\/li>\n<li>2x PS\/2 port<\/li>\n<li>Gniazda karty dzwi\u0119kowej<\/li>\n<li>Dock connector<\/li>\n<li>2x PCMCIA.<\/li>\n<\/ul>\n<p>Dodatkowe:<br \/>\nNap\u0119d dyskietek wymienny z dodatkowym akumulatorem.<br \/>\nInstrukcje<\/p>\n<ul>\n<li><a href=\"http:\/\/maciejpiasecki.info\/blog\/wp-content\/uploads\/2018\/05\/siemens_nixdorfpcd4nd.pdf\">siemens_nixdorfpcd4nd<\/a><\/li>\n<\/ul>\n<p>Dodatkowe linki<\/p>\n<ul>\n<li>http:\/\/oldcomputer.info\/portables\/siemenspcd\/index.htm<\/li>\n<li>http:\/\/notebookblog.cz\/technika\/muzeum\/siemens-nixdorf-pcd-4nd-1994\/<\/li>\n<li>http:\/\/boginjr.com\/electronics\/old\/pcd-4nd\/<\/li>\n<\/ul>\n","protected":false},"excerpt":{"rendered":"<p>Dla upami\u0119tnienia&#8230; &#8230;przemijaj\u0105cego czasu i wymieraj\u0105cych starych technologii. Tworz\u0119 miejsce kt\u00f3re jednym pozwoli na sentymentaln\u0105 podr\u00f3\u017c. Innym nie pozwoli na zapomnienie o rozwi\u0105zaniach kt\u00f3re cz\u0119sto towarzyszy\u0142y nams&#8230; <\/p>\n","protected":false},"author":1,"featured_media":0,"parent":0,"menu_order":0,"comment_status":"closed","ping_status":"closed","template":"","meta":{"footnotes":""},"class_list":["post-291","page","type-page","status-publish","hentry"],"_links":{"self":[{"href":"https:\/\/maciejpiasecki.info\/blog\/wp-json\/wp\/v2\/pages\/291","targetHints":{"allow":["GET"]}}],"collection":[{"href":"https:\/\/maciejpiasecki.info\/blog\/wp-json\/wp\/v2\/pages"}],"about":[{"href":"https:\/\/maciejpiasecki.info\/blog\/wp-json\/wp\/v2\/types\/page"}],"author":[{"embeddable":true,"href":"https:\/\/maciejpiasecki.info\/blog\/wp-json\/wp\/v2\/users\/1"}],"replies":[{"embeddable":true,"href":"https:\/\/maciejpiasecki.info\/blog\/wp-json\/wp\/v2\/comments?post=291"}],"version-history":[{"count":9,"href":"https:\/\/maciejpiasecki.info\/blog\/wp-json\/wp\/v2\/pages\/291\/revisions"}],"predecessor-version":[{"id":953,"href":"https:\/\/maciejpiasecki.info\/blog\/wp-json\/wp\/v2\/pages\/291\/revisions\/953"}],"wp:attachment":[{"href":"https:\/\/maciejpiasecki.info\/blog\/wp-json\/wp\/v2\/media?parent=291"}],"curies":[{"name":"wp","href":"https:\/\/api.w.org\/{rel}","templated":true}]}}