{"id":652,"date":"2019-10-29T08:42:51","date_gmt":"2019-10-29T07:42:51","guid":{"rendered":"http:\/\/maciejpiasecki.info\/blog\/?page_id=652"},"modified":"2019-10-29T08:42:51","modified_gmt":"2019-10-29T07:42:51","slug":"programowanie","status":"publish","type":"page","link":"https:\/\/maciejpiasecki.info\/blog\/programowanie\/","title":{"rendered":"Programowanie"},"content":{"rendered":"<p>W ramach potrzeb powstaje program magazynowy dla mas. Dedykowane zastosowanie bardziej dla majsterkowicz\u00f3w i elektronik\u00f3w, w celu ogarni\u0119cia zasob\u00f3w, ni\u017c sklep\u00f3w.<\/p>\n","protected":false},"excerpt":{"rendered":"<p>W ramach potrzeb powstaje program magazynowy dla mas. Dedykowane zastosowanie bardziej dla majsterkowicz\u00f3w i elektronik\u00f3w, w celu ogarni\u0119cia zasob\u00f3w, ni\u017c sklep\u00f3w.<\/p>\n","protected":false},"author":1,"featured_media":0,"parent":0,"menu_order":0,"comment_status":"closed","ping_status":"closed","template":"","meta":{"footnotes":""},"class_list":["post-652","page","type-page","status-publish","hentry"],"_links":{"self":[{"href":"https:\/\/maciejpiasecki.info\/blog\/wp-json\/wp\/v2\/pages\/652","targetHints":{"allow":["GET"]}}],"collection":[{"href":"https:\/\/maciejpiasecki.info\/blog\/wp-json\/wp\/v2\/pages"}],"about":[{"href":"https:\/\/maciejpiasecki.info\/blog\/wp-json\/wp\/v2\/types\/page"}],"author":[{"embeddable":true,"href":"https:\/\/maciejpiasecki.info\/blog\/wp-json\/wp\/v2\/users\/1"}],"replies":[{"embeddable":true,"href":"https:\/\/maciejpiasecki.info\/blog\/wp-json\/wp\/v2\/comments?post=652"}],"version-history":[{"count":1,"href":"https:\/\/maciejpiasecki.info\/blog\/wp-json\/wp\/v2\/pages\/652\/revisions"}],"predecessor-version":[{"id":653,"href":"https:\/\/maciejpiasecki.info\/blog\/wp-json\/wp\/v2\/pages\/652\/revisions\/653"}],"wp:attachment":[{"href":"https:\/\/maciejpiasecki.info\/blog\/wp-json\/wp\/v2\/media?parent=652"}],"curies":[{"name":"wp","href":"https:\/\/api.w.org\/{rel}","templated":true}]}}