{"id":954,"date":"2023-02-18T16:17:08","date_gmt":"2023-02-18T15:17:08","guid":{"rendered":"https:\/\/maciejpiasecki.info\/blog\/?page_id=954"},"modified":"2023-02-18T19:30:55","modified_gmt":"2023-02-18T18:30:55","slug":"c64-powrot","status":"publish","type":"page","link":"https:\/\/maciejpiasecki.info\/blog\/c64-powrot\/","title":{"rendered":"C64 &#8211; powr\u00f3t"},"content":{"rendered":"<p>&#8222;O\u015bmiobitowy C64 &#8221; -dziwnie brzmi w dobie 64 bitowych maszyn i rozwoju sztucznej inteligencji. Jednak urok tego typu sprz\u0119tu i jego domy\u015blne zastosowanie &#8211; niezmiennie generuje zainteresowanie\u00a0 na wysokim poziomie. Pasjonaci wyci\u0105gaj\u0105 ten sprz\u0119t z piwnic, strych\u00f3w, szaf i odtwarzaj\u0105 funkcjonalno\u015b\u0107 zgodnie opieraj\u0105c si\u0119 o najnowsze technologie<\/p>\n<p style=\"padding-left: 40px;\">C64<\/p>\n<p style=\"padding-left: 80px;\">Magnetofon<\/p>\n<p style=\"padding-left: 120px;\"><a href=\"https:\/\/maciejpiasecki.info\/blog\/tzxduino-v2\/\">TZXduino V2<\/a><\/p>\n<p style=\"padding-left: 80px;\">Stacja dysk\u00f3w<\/p>\n<p style=\"padding-left: 120px;\">SD2IEC<br \/>\nPI1541<\/p>\n<p style=\"padding-left: 80px;\">Manipulatory<\/p>\n<p style=\"padding-left: 120px;\">Kiedy brak nowego sprz\u0119tu<\/p>\n<p>&nbsp;<\/p>\n<p style=\"padding-left: 80px;\">Obraz<br \/>\nZasilanie<br \/>\nDrukarki<br \/>\nDzwi\u0119k<\/p>\n","protected":false},"excerpt":{"rendered":"<p>&#8222;O\u015bmiobitowy C64 &#8221; -dziwnie brzmi w dobie 64 bitowych maszyn i rozwoju sztucznej inteligencji. Jednak urok tego typu sprz\u0119tu i jego domy\u015blne zastosowanie &#8211; niezmiennie generuje zainteresowanie\u00a0&#8230; <\/p>\n","protected":false},"author":1,"featured_media":0,"parent":0,"menu_order":0,"comment_status":"closed","ping_status":"closed","template":"","meta":{"footnotes":""},"class_list":["post-954","page","type-page","status-publish","hentry"],"_links":{"self":[{"href":"https:\/\/maciejpiasecki.info\/blog\/wp-json\/wp\/v2\/pages\/954","targetHints":{"allow":["GET"]}}],"collection":[{"href":"https:\/\/maciejpiasecki.info\/blog\/wp-json\/wp\/v2\/pages"}],"about":[{"href":"https:\/\/maciejpiasecki.info\/blog\/wp-json\/wp\/v2\/types\/page"}],"author":[{"embeddable":true,"href":"https:\/\/maciejpiasecki.info\/blog\/wp-json\/wp\/v2\/users\/1"}],"replies":[{"embeddable":true,"href":"https:\/\/maciejpiasecki.info\/blog\/wp-json\/wp\/v2\/comments?post=954"}],"version-history":[{"count":2,"href":"https:\/\/maciejpiasecki.info\/blog\/wp-json\/wp\/v2\/pages\/954\/revisions"}],"predecessor-version":[{"id":967,"href":"https:\/\/maciejpiasecki.info\/blog\/wp-json\/wp\/v2\/pages\/954\/revisions\/967"}],"wp:attachment":[{"href":"https:\/\/maciejpiasecki.info\/blog\/wp-json\/wp\/v2\/media?parent=954"}],"curies":[{"name":"wp","href":"https:\/\/api.w.org\/{rel}","templated":true}]}}